{"id":210,"date":"2025-09-08T13:26:02","date_gmt":"2025-09-08T18:26:02","guid":{"rendered":"https:\/\/grupo-vision.com\/web\/?page_id=210"},"modified":"2025-10-03T08:46:10","modified_gmt":"2025-10-03T13:46:10","slug":"contacto","status":"publish","type":"page","link":"https:\/\/grupo-vision.com\/web\/contacto\/","title":{"rendered":"Contacto"},"content":{"rendered":"\t\t<div data-elementor-type=\"wp-page\" data-elementor-id=\"210\" class=\"elementor elementor-210\" data-elementor-post-type=\"page\">\n\t\t\t\t<div class=\"elementor-element elementor-element-8661cd3 e-flex e-con-boxed e-con e-parent\" data-id=\"8661cd3\" data-element_type=\"container\" data-settings=\"{&quot;background_background&quot;:&quot;classic&quot;}\">\n\t\t\t\t\t<div class=\"e-con-inner\">\n\t\t<div class=\"elementor-element elementor-element-c11919f e-con-full e-flex e-con e-child\" data-id=\"c11919f\" data-element_type=\"container\">\n\t\t\t\t<div class=\"elementor-element elementor-element-8f3125a elementor-widget elementor-widget-heading\" data-id=\"8f3125a\" data-element_type=\"widget\" data-widget_type=\"heading.default\">\n\t\t\t\t\t<h2 class=\"elementor-heading-title elementor-size-default\">CONTACTO<\/h2>\t\t\t\t<\/div>\n\t\t\t\t<\/div>\n\t\t\t\t\t<\/div>\n\t\t\t\t<\/div>\n\t\t<div class=\"elementor-element elementor-element-e685420 e-flex e-con-boxed e-con e-parent\" data-id=\"e685420\" data-element_type=\"container\">\n\t\t\t\t\t<div class=\"e-con-inner\">\n\t\t<div class=\"elementor-element elementor-element-08535cf e-con-full e-flex e-con e-child\" data-id=\"08535cf\" data-element_type=\"container\">\n\t\t\t\t<div class=\"elementor-element elementor-element-04c1286 elementor-widget elementor-widget-text-editor\" data-id=\"04c1286\" data-element_type=\"widget\" data-widget_type=\"text-editor.default\">\n\t\t\t\t\t\t\t\t\t<p>Para una mejor atenci\u00f3n ponemos a su disposici\u00f3n nuestros canales de atenci\u00f3n:<\/p>\t\t\t\t\t\t\t\t<\/div>\n\t\t\t\t<div class=\"elementor-element elementor-element-8b359f9 elementor-position-left elementor-view-default elementor-mobile-position-top elementor-widget elementor-widget-icon-box\" data-id=\"8b359f9\" data-element_type=\"widget\" data-widget_type=\"icon-box.default\">\n\t\t\t\t\t\t\t<div class=\"elementor-icon-box-wrapper\">\n\n\t\t\t\t\t\t<div class=\"elementor-icon-box-icon\">\n\t\t\t\t<span  class=\"elementor-icon\">\n\t\t\t\t<svg aria-hidden=\"true\" class=\"e-font-icon-svg e-far-envelope\" viewBox=\"0 0 512 512\" xmlns=\"http:\/\/www.w3.org\/2000\/svg\"><path d=\"M464 64H48C21.49 64 0 85.49 0 112v288c0 26.51 21.49 48 48 48h416c26.51 0 48-21.49 48-48V112c0-26.51-21.49-48-48-48zm0 48v40.805c-22.422 18.259-58.168 46.651-134.587 106.49-16.841 13.247-50.201 45.072-73.413 44.701-23.208.375-56.579-31.459-73.413-44.701C106.18 199.465 70.425 171.067 48 152.805V112h416zM48 400V214.398c22.914 18.251 55.409 43.862 104.938 82.646 21.857 17.205 60.134 55.186 103.062 54.955 42.717.231 80.509-37.199 103.053-54.947 49.528-38.783 82.032-64.401 104.947-82.653V400H48z\"><\/path><\/svg>\t\t\t\t<\/span>\n\t\t\t<\/div>\n\t\t\t\n\t\t\t\t\t\t<div class=\"elementor-icon-box-content\">\n\n\t\t\t\t\n\t\t\t\t\t\t\t\t\t<p class=\"elementor-icon-box-description\">\n\t\t\t\t\t\tcomercial@grupo-vision.com <br>\ncreditos@grupo-vision.com\t\t\t\t\t<\/p>\n\t\t\t\t\n\t\t\t<\/div>\n\t\t\t\n\t\t<\/div>\n\t\t\t\t\t\t<\/div>\n\t\t\t\t<div class=\"elementor-element elementor-element-fc1fd9e elementor-position-left elementor-view-default elementor-mobile-position-top elementor-widget elementor-widget-icon-box\" data-id=\"fc1fd9e\" data-element_type=\"widget\" data-widget_type=\"icon-box.default\">\n\t\t\t\t\t\t\t<div class=\"elementor-icon-box-wrapper\">\n\n\t\t\t\t\t\t<div class=\"elementor-icon-box-icon\">\n\t\t\t\t<span  class=\"elementor-icon\">\n\t\t\t\t<svg aria-hidden=\"true\" class=\"e-font-icon-svg e-fas-phone-alt\" viewBox=\"0 0 512 512\" xmlns=\"http:\/\/www.w3.org\/2000\/svg\"><path d=\"M497.39 361.8l-112-48a24 24 0 0 0-28 6.9l-49.6 60.6A370.66 370.66 0 0 1 130.6 204.11l60.6-49.6a23.94 23.94 0 0 0 6.9-28l-48-112A24.16 24.16 0 0 0 122.6.61l-104 24A24 24 0 0 0 0 48c0 256.5 207.9 464 464 464a24 24 0 0 0 23.4-18.6l24-104a24.29 24.29 0 0 0-14.01-27.6z\"><\/path><\/svg>\t\t\t\t<\/span>\n\t\t\t<\/div>\n\t\t\t\n\t\t\t\t\t\t<div class=\"elementor-icon-box-content\">\n\n\t\t\t\t\n\t\t\t\t\t\t\t\t\t<p class=\"elementor-icon-box-description\">\n\t\t\t\t\t\t265-5448<br>265-3655\t\t\t\t\t<\/p>\n\t\t\t\t\n\t\t\t<\/div>\n\t\t\t\n\t\t<\/div>\n\t\t\t\t\t\t<\/div>\n\t\t\t\t<div class=\"elementor-element elementor-element-3e2867c elementor-position-left elementor-view-default elementor-mobile-position-top elementor-widget elementor-widget-icon-box\" data-id=\"3e2867c\" data-element_type=\"widget\" data-widget_type=\"icon-box.default\">\n\t\t\t\t\t\t\t<div class=\"elementor-icon-box-wrapper\">\n\n\t\t\t\t\t\t<div class=\"elementor-icon-box-icon\">\n\t\t\t\t<span  class=\"elementor-icon\">\n\t\t\t\t<svg aria-hidden=\"true\" class=\"e-font-icon-svg e-fas-map-marker-alt\" viewBox=\"0 0 384 512\" xmlns=\"http:\/\/www.w3.org\/2000\/svg\"><path d=\"M172.268 501.67C26.97 291.031 0 269.413 0 192 0 85.961 85.961 0 192 0s192 85.961 192 192c0 77.413-26.97 99.031-172.268 309.67-9.535 13.774-29.93 13.773-39.464 0zM192 272c44.183 0 80-35.817 80-80s-35.817-80-80-80-80 35.817-80 80 35.817 80 80 80z\"><\/path><\/svg>\t\t\t\t<\/span>\n\t\t\t<\/div>\n\t\t\t\n\t\t\t\t\t\t<div class=\"elementor-icon-box-content\">\n\n\t\t\t\t\n\t\t\t\t\t\t\t\t\t<p class=\"elementor-icon-box-description\">\n\t\t\t\t\t\tCalle Esmeraldas 384 <br>\nLa Victoria\t\t\t\t\t<\/p>\n\t\t\t\t\n\t\t\t<\/div>\n\t\t\t\n\t\t<\/div>\n\t\t\t\t\t\t<\/div>\n\t\t\t\t<\/div>\n\t\t<div class=\"elementor-element elementor-element-680d950 e-con-full e-flex e-con e-child\" data-id=\"680d950\" data-element_type=\"container\">\n\t\t\t\t<div class=\"elementor-element elementor-element-04e6465 elementor-widget elementor-widget-text-editor\" data-id=\"04e6465\" data-element_type=\"widget\" data-widget_type=\"text-editor.default\">\n\t\t\t\t\t\t\t\t\t<p>Escr\u00edbanos mediante nuestro formulario on-line y nosotros nos pondremos en contacto con usted en el menor tiempo posible.<\/p>\t\t\t\t\t\t\t\t<\/div>\n\t\t\t\t<div class=\"elementor-element elementor-element-b553000 elementor-button-align-stretch elementor-widget elementor-widget-form\" data-id=\"b553000\" data-element_type=\"widget\" data-settings=\"{&quot;step_next_label&quot;:&quot;Next&quot;,&quot;step_previous_label&quot;:&quot;Previous&quot;,&quot;button_width&quot;:&quot;100&quot;,&quot;step_type&quot;:&quot;number_text&quot;,&quot;step_icon_shape&quot;:&quot;circle&quot;}\" data-widget_type=\"form.default\">\n\t\t\t\t\t\t\t<form class=\"elementor-form\" method=\"post\" name=\"New Form\" aria-label=\"New Form\">\n\t\t\t<input type=\"hidden\" name=\"post_id\" value=\"210\"\/>\n\t\t\t<input type=\"hidden\" name=\"form_id\" value=\"b553000\"\/>\n\t\t\t<input type=\"hidden\" name=\"referer_title\" value=\"Grupo Visi\u00f3n\" \/>\n\n\t\t\t\n\t\t\t<div class=\"elementor-form-fields-wrapper elementor-labels-above\">\n\t\t\t\t\t\t\t\t<div class=\"elementor-field-type-text elementor-field-group elementor-column elementor-field-group-name elementor-col-100 elementor-field-required\">\n\t\t\t\t\t\t\t\t\t\t\t\t<label for=\"form-field-name\" class=\"elementor-field-label\">\n\t\t\t\t\t\t\t\tNombres y Apellidos\t\t\t\t\t\t\t<\/label>\n\t\t\t\t\t\t\t\t\t\t\t\t\t\t<input size=\"1\" type=\"text\" name=\"form_fields[name]\" id=\"form-field-name\" class=\"elementor-field elementor-size-sm  elementor-field-textual\" required=\"required\">\n\t\t\t\t\t\t\t\t\t\t\t<\/div>\n\t\t\t\t\t\t\t\t<div class=\"elementor-field-type-email elementor-field-group elementor-column elementor-field-group-email elementor-col-100 elementor-field-required\">\n\t\t\t\t\t\t\t\t\t\t\t\t<label for=\"form-field-email\" class=\"elementor-field-label\">\n\t\t\t\t\t\t\t\tCorreo electr\u00f3nico\t\t\t\t\t\t\t<\/label>\n\t\t\t\t\t\t\t\t\t\t\t\t\t\t<input size=\"1\" type=\"email\" name=\"form_fields[email]\" id=\"form-field-email\" class=\"elementor-field elementor-size-sm  elementor-field-textual\" required=\"required\">\n\t\t\t\t\t\t\t\t\t\t\t<\/div>\n\t\t\t\t\t\t\t\t<div class=\"elementor-field-type-text elementor-field-group elementor-column elementor-field-group-field_2aaedf0 elementor-col-100 elementor-field-required\">\n\t\t\t\t\t\t\t\t\t\t\t\t<label for=\"form-field-field_2aaedf0\" class=\"elementor-field-label\">\n\t\t\t\t\t\t\t\tTel\u00e9fono de contacto\t\t\t\t\t\t\t<\/label>\n\t\t\t\t\t\t\t\t\t\t\t\t\t\t<input size=\"1\" type=\"text\" name=\"form_fields[field_2aaedf0]\" id=\"form-field-field_2aaedf0\" class=\"elementor-field elementor-size-sm  elementor-field-textual\" required=\"required\">\n\t\t\t\t\t\t\t\t\t\t\t<\/div>\n\t\t\t\t\t\t\t\t<div class=\"elementor-field-type-textarea elementor-field-group elementor-column elementor-field-group-message elementor-col-100\">\n\t\t\t\t\t\t\t\t\t\t\t\t<label for=\"form-field-message\" class=\"elementor-field-label\">\n\t\t\t\t\t\t\t\tMensaje\t\t\t\t\t\t\t<\/label>\n\t\t\t\t\t\t<textarea class=\"elementor-field-textual elementor-field  elementor-size-sm\" name=\"form_fields[message]\" id=\"form-field-message\" rows=\"4\"><\/textarea>\t\t\t\t<\/div>\n\t\t\t\t\t\t\t\t<div class=\"elementor-field-group elementor-column elementor-field-type-submit elementor-col-100 e-form__buttons\">\n\t\t\t\t\t<button class=\"elementor-button elementor-size-sm\" type=\"submit\">\n\t\t\t\t\t\t<span class=\"elementor-button-content-wrapper\">\n\t\t\t\t\t\t\t\t\t\t\t\t\t\t\t\t\t\t\t\t\t\t<span class=\"elementor-button-text\">Enviar<\/span>\n\t\t\t\t\t\t\t\t\t\t\t\t\t<\/span>\n\t\t\t\t\t<\/button>\n\t\t\t\t<\/div>\n\t\t\t<\/div>\n\t\t<\/form>\n\t\t\t\t\t\t<\/div>\n\t\t\t\t<\/div>\n\t\t\t\t\t<\/div>\n\t\t\t\t<\/div>\n\t\t<div class=\"elementor-element elementor-element-e1b056f e-flex e-con-boxed e-con e-parent\" data-id=\"e1b056f\" data-element_type=\"container\">\n\t\t\t\t\t<div class=\"e-con-inner\">\n\t\t<div class=\"elementor-element elementor-element-a7daf14 e-con-full e-flex e-con e-child\" data-id=\"a7daf14\" data-element_type=\"container\">\n\t\t\t\t<div class=\"elementor-element elementor-element-fdcb53a elementor-widget elementor-widget-google_maps\" data-id=\"fdcb53a\" data-element_type=\"widget\" data-widget_type=\"google_maps.default\">\n\t\t\t\t\t\t\t<div class=\"elementor-custom-embed\">\n\t\t\t<iframe loading=\"lazy\"\n\t\t\t\t\tsrc=\"https:\/\/maps.google.com\/maps?q=Calle%20esmeraldas%20384%20la%20victoria&#038;t=m&#038;z=16&#038;output=embed&#038;iwloc=near\"\n\t\t\t\t\ttitle=\"Calle esmeraldas 384 la victoria\"\n\t\t\t\t\taria-label=\"Calle esmeraldas 384 la victoria\"\n\t\t\t><\/iframe>\n\t\t<\/div>\n\t\t\t\t\t\t<\/div>\n\t\t\t\t<\/div>\n\t\t\t\t\t<\/div>\n\t\t\t\t<\/div>\n\t\t\t\t<\/div>\n\t\t","protected":false},"excerpt":{"rendered":"<p>CONTACTO Para una mejor atenci\u00f3n ponemos a su disposici\u00f3n nuestros canales de atenci\u00f3n: comercial@grupo-vision.com creditos@grupo-vision.com 265-5448265-3655 Calle Esmeraldas 384 La Victoria Escr\u00edbanos mediante nuestro formulario on-line y nosotros nos pondremos en contacto con usted en el menor tiempo posible.<\/p>\n","protected":false},"author":1,"featured_media":307,"parent":0,"menu_order":0,"comment_status":"closed","ping_status":"closed","template":"","meta":{"inline_featured_image":false,"footnotes":""},"class_list":["post-210","page","type-page","status-publish","has-post-thumbnail","hentry"],"yoast_head":"<!-- This site is optimized with the Yoast SEO plugin v26.0 - https:\/\/yoast.com\/wordpress\/plugins\/seo\/ -->\n<title>Contacto - Grupo Visi\u00f3n<\/title>\n<meta name=\"description\" content=\"Escr\u00edbenos a comercial@grupo-vision.com o ll\u00e1manos al 265-5448 \/ 265-3655, vis\u00edtanos en Calle Esmeraldas 384 - La Victoria\" \/>\n<meta name=\"robots\" content=\"index, follow, max-snippet:-1, max-image-preview:large, max-video-preview:-1\" \/>\n<link rel=\"canonical\" href=\"https:\/\/grupo-vision.com\/web\/contacto\/\" \/>\n<meta property=\"og:locale\" content=\"es_ES\" \/>\n<meta property=\"og:type\" content=\"article\" \/>\n<meta property=\"og:title\" content=\"Contacto - Grupo Visi\u00f3n\" \/>\n<meta property=\"og:description\" content=\"Escr\u00edbenos a comercial@grupo-vision.com o ll\u00e1manos al 265-5448 \/ 265-3655, vis\u00edtanos en Calle Esmeraldas 384 - La Victoria\" \/>\n<meta property=\"og:url\" content=\"https:\/\/grupo-vision.com\/web\/contacto\/\" \/>\n<meta property=\"og:site_name\" content=\"Grupo Visi\u00f3n\" \/>\n<meta property=\"article:modified_time\" content=\"2025-10-03T13:46:10+00:00\" \/>\n<meta property=\"og:image\" content=\"https:\/\/grupo-vision.com\/web\/wp-content\/uploads\/2025\/10\/opengraph.png\" \/>\n\t<meta property=\"og:image:width\" content=\"390\" \/>\n\t<meta property=\"og:image:height\" content=\"390\" \/>\n\t<meta property=\"og:image:type\" content=\"image\/png\" \/>\n<meta name=\"twitter:card\" content=\"summary_large_image\" \/>\n<meta name=\"twitter:label1\" content=\"Est. reading time\" \/>\n\t<meta name=\"twitter:data1\" content=\"1 minuto\" \/>\n<script type=\"application\/ld+json\" class=\"yoast-schema-graph\">{\"@context\":\"https:\/\/schema.org\",\"@graph\":[{\"@type\":\"WebPage\",\"@id\":\"https:\/\/grupo-vision.com\/web\/contacto\/\",\"url\":\"https:\/\/grupo-vision.com\/web\/contacto\/\",\"name\":\"Contacto - Grupo Visi\u00f3n\",\"isPartOf\":{\"@id\":\"https:\/\/grupo-vision.com\/web\/#website\"},\"primaryImageOfPage\":{\"@id\":\"https:\/\/grupo-vision.com\/web\/contacto\/#primaryimage\"},\"image\":{\"@id\":\"https:\/\/grupo-vision.com\/web\/contacto\/#primaryimage\"},\"thumbnailUrl\":\"https:\/\/grupo-vision.com\/web\/wp-content\/uploads\/2025\/10\/opengraph.png\",\"datePublished\":\"2025-09-08T18:26:02+00:00\",\"dateModified\":\"2025-10-03T13:46:10+00:00\",\"description\":\"Escr\u00edbenos a comercial@grupo-vision.com o ll\u00e1manos al 265-5448 \/ 265-3655, vis\u00edtanos en Calle Esmeraldas 384 - La Victoria\",\"breadcrumb\":{\"@id\":\"https:\/\/grupo-vision.com\/web\/contacto\/#breadcrumb\"},\"inLanguage\":\"es-PE\",\"potentialAction\":[{\"@type\":\"ReadAction\",\"target\":[\"https:\/\/grupo-vision.com\/web\/contacto\/\"]}]},{\"@type\":\"ImageObject\",\"inLanguage\":\"es-PE\",\"@id\":\"https:\/\/grupo-vision.com\/web\/contacto\/#primaryimage\",\"url\":\"https:\/\/grupo-vision.com\/web\/wp-content\/uploads\/2025\/10\/opengraph.png\",\"contentUrl\":\"https:\/\/grupo-vision.com\/web\/wp-content\/uploads\/2025\/10\/opengraph.png\",\"width\":390,\"height\":390},{\"@type\":\"BreadcrumbList\",\"@id\":\"https:\/\/grupo-vision.com\/web\/contacto\/#breadcrumb\",\"itemListElement\":[{\"@type\":\"ListItem\",\"position\":1,\"name\":\"Portada\",\"item\":\"https:\/\/grupo-vision.com\/web\/\"},{\"@type\":\"ListItem\",\"position\":2,\"name\":\"Contacto\"}]},{\"@type\":\"WebSite\",\"@id\":\"https:\/\/grupo-vision.com\/web\/#website\",\"url\":\"https:\/\/grupo-vision.com\/web\/\",\"name\":\"Grupo Visi\u00f3n\",\"description\":\"\",\"publisher\":{\"@id\":\"https:\/\/grupo-vision.com\/web\/#organization\"},\"potentialAction\":[{\"@type\":\"SearchAction\",\"target\":{\"@type\":\"EntryPoint\",\"urlTemplate\":\"https:\/\/grupo-vision.com\/web\/?s={search_term_string}\"},\"query-input\":{\"@type\":\"PropertyValueSpecification\",\"valueRequired\":true,\"valueName\":\"search_term_string\"}}],\"inLanguage\":\"es-PE\"},{\"@type\":\"Organization\",\"@id\":\"https:\/\/grupo-vision.com\/web\/#organization\",\"name\":\"Grupo Visi\u00f3n\",\"url\":\"https:\/\/grupo-vision.com\/web\/\",\"logo\":{\"@type\":\"ImageObject\",\"inLanguage\":\"es-PE\",\"@id\":\"https:\/\/grupo-vision.com\/web\/#\/schema\/logo\/image\/\",\"url\":\"https:\/\/grupo-vision.com\/web\/wp-content\/uploads\/2025\/10\/logo-gvision.jpg\",\"contentUrl\":\"https:\/\/grupo-vision.com\/web\/wp-content\/uploads\/2025\/10\/logo-gvision.jpg\",\"width\":350,\"height\":82,\"caption\":\"Grupo Visi\u00f3n\"},\"image\":{\"@id\":\"https:\/\/grupo-vision.com\/web\/#\/schema\/logo\/image\/\"}}]}<\/script>\n<!-- \/ Yoast SEO plugin. -->","yoast_head_json":{"title":"Contacto - Grupo Visi\u00f3n","description":"Escr\u00edbenos a comercial@grupo-vision.com o ll\u00e1manos al 265-5448 \/ 265-3655, vis\u00edtanos en Calle Esmeraldas 384 - La Victoria","robots":{"index":"index","follow":"follow","max-snippet":"max-snippet:-1","max-image-preview":"max-image-preview:large","max-video-preview":"max-video-preview:-1"},"canonical":"https:\/\/grupo-vision.com\/web\/contacto\/","og_locale":"es_ES","og_type":"article","og_title":"Contacto - Grupo Visi\u00f3n","og_description":"Escr\u00edbenos a comercial@grupo-vision.com o ll\u00e1manos al 265-5448 \/ 265-3655, vis\u00edtanos en Calle Esmeraldas 384 - La Victoria","og_url":"https:\/\/grupo-vision.com\/web\/contacto\/","og_site_name":"Grupo Visi\u00f3n","article_modified_time":"2025-10-03T13:46:10+00:00","og_image":[{"width":390,"height":390,"url":"https:\/\/grupo-vision.com\/web\/wp-content\/uploads\/2025\/10\/opengraph.png","type":"image\/png"}],"twitter_card":"summary_large_image","twitter_misc":{"Est. reading time":"1 minuto"},"schema":{"@context":"https:\/\/schema.org","@graph":[{"@type":"WebPage","@id":"https:\/\/grupo-vision.com\/web\/contacto\/","url":"https:\/\/grupo-vision.com\/web\/contacto\/","name":"Contacto - Grupo Visi\u00f3n","isPartOf":{"@id":"https:\/\/grupo-vision.com\/web\/#website"},"primaryImageOfPage":{"@id":"https:\/\/grupo-vision.com\/web\/contacto\/#primaryimage"},"image":{"@id":"https:\/\/grupo-vision.com\/web\/contacto\/#primaryimage"},"thumbnailUrl":"https:\/\/grupo-vision.com\/web\/wp-content\/uploads\/2025\/10\/opengraph.png","datePublished":"2025-09-08T18:26:02+00:00","dateModified":"2025-10-03T13:46:10+00:00","description":"Escr\u00edbenos a comercial@grupo-vision.com o ll\u00e1manos al 265-5448 \/ 265-3655, vis\u00edtanos en Calle Esmeraldas 384 - La Victoria","breadcrumb":{"@id":"https:\/\/grupo-vision.com\/web\/contacto\/#breadcrumb"},"inLanguage":"es-PE","potentialAction":[{"@type":"ReadAction","target":["https:\/\/grupo-vision.com\/web\/contacto\/"]}]},{"@type":"ImageObject","inLanguage":"es-PE","@id":"https:\/\/grupo-vision.com\/web\/contacto\/#primaryimage","url":"https:\/\/grupo-vision.com\/web\/wp-content\/uploads\/2025\/10\/opengraph.png","contentUrl":"https:\/\/grupo-vision.com\/web\/wp-content\/uploads\/2025\/10\/opengraph.png","width":390,"height":390},{"@type":"BreadcrumbList","@id":"https:\/\/grupo-vision.com\/web\/contacto\/#breadcrumb","itemListElement":[{"@type":"ListItem","position":1,"name":"Portada","item":"https:\/\/grupo-vision.com\/web\/"},{"@type":"ListItem","position":2,"name":"Contacto"}]},{"@type":"WebSite","@id":"https:\/\/grupo-vision.com\/web\/#website","url":"https:\/\/grupo-vision.com\/web\/","name":"Grupo Visi\u00f3n","description":"","publisher":{"@id":"https:\/\/grupo-vision.com\/web\/#organization"},"potentialAction":[{"@type":"SearchAction","target":{"@type":"EntryPoint","urlTemplate":"https:\/\/grupo-vision.com\/web\/?s={search_term_string}"},"query-input":{"@type":"PropertyValueSpecification","valueRequired":true,"valueName":"search_term_string"}}],"inLanguage":"es-PE"},{"@type":"Organization","@id":"https:\/\/grupo-vision.com\/web\/#organization","name":"Grupo Visi\u00f3n","url":"https:\/\/grupo-vision.com\/web\/","logo":{"@type":"ImageObject","inLanguage":"es-PE","@id":"https:\/\/grupo-vision.com\/web\/#\/schema\/logo\/image\/","url":"https:\/\/grupo-vision.com\/web\/wp-content\/uploads\/2025\/10\/logo-gvision.jpg","contentUrl":"https:\/\/grupo-vision.com\/web\/wp-content\/uploads\/2025\/10\/logo-gvision.jpg","width":350,"height":82,"caption":"Grupo Visi\u00f3n"},"image":{"@id":"https:\/\/grupo-vision.com\/web\/#\/schema\/logo\/image\/"}}]}},"_links":{"self":[{"href":"https:\/\/grupo-vision.com\/web\/wp-json\/wp\/v2\/pages\/210","targetHints":{"allow":["GET"]}}],"collection":[{"href":"https:\/\/grupo-vision.com\/web\/wp-json\/wp\/v2\/pages"}],"about":[{"href":"https:\/\/grupo-vision.com\/web\/wp-json\/wp\/v2\/types\/page"}],"author":[{"embeddable":true,"href":"https:\/\/grupo-vision.com\/web\/wp-json\/wp\/v2\/users\/1"}],"replies":[{"embeddable":true,"href":"https:\/\/grupo-vision.com\/web\/wp-json\/wp\/v2\/comments?post=210"}],"version-history":[{"count":5,"href":"https:\/\/grupo-vision.com\/web\/wp-json\/wp\/v2\/pages\/210\/revisions"}],"predecessor-version":[{"id":216,"href":"https:\/\/grupo-vision.com\/web\/wp-json\/wp\/v2\/pages\/210\/revisions\/216"}],"wp:featuredmedia":[{"embeddable":true,"href":"https:\/\/grupo-vision.com\/web\/wp-json\/wp\/v2\/media\/307"}],"wp:attachment":[{"href":"https:\/\/grupo-vision.com\/web\/wp-json\/wp\/v2\/media?parent=210"}],"curies":[{"name":"wp","href":"https:\/\/api.w.org\/{rel}","templated":true}]}}